{"id":133,"date":"2024-09-12T14:45:19","date_gmt":"2024-09-12T14:45:19","guid":{"rendered":"https:\/\/p8.miexpertodigital1.eu\/?page_id=133"},"modified":"2025-08-19T17:05:52","modified_gmt":"2025-08-19T18:05:52","slug":"politica-de-privadesa","status":"publish","type":"page","link":"https:\/\/miquel-navarro.com\/es\/politica-de-privadesa\/","title":{"rendered":"Pol\u00edtica de privacidad"},"content":{"rendered":"<div data-elementor-type=\"wp-post\" data-elementor-id=\"133\" class=\"elementor elementor-133\" data-elementor-post-type=\"page\">\n\t\t\t\t<div class=\"elementor-element elementor-element-e63699a e-flex e-con-boxed e-con e-parent\" data-id=\"e63699a\" data-element_type=\"container\">\n\t\t\t\t\t<div class=\"e-con-inner\">\n\t\t<div class=\"elementor-element elementor-element-d2c2d47 e-con-full e-flex e-con e-child\" data-id=\"d2c2d47\" data-element_type=\"container\">\n\t\t\t\t<div class=\"elementor-element elementor-element-2ba6cdd elementor-widget elementor-widget-text-editor\" data-id=\"2ba6cdd\" data-element_type=\"widget\" data-widget_type=\"text-editor.default\">\n\t\t\t\t<div class=\"elementor-widget-container\">\n\t\t\t\t\t\t\t\t\t<p><strong>Pol\u00edtica de privacidad<\/strong><\/p><p>En este documento te informamos de los motivos por los que recogemos tus datos personales, qu\u00e9 hacemos con dichos datos, qu\u00e9 derechos tienes y de qu\u00e9 forma puedes ejercerlos.<\/p><p><strong>Responsable de tus datos personales.<\/strong><\/p><p>Identidad: Miguel Navarro Ortega<\/p><p>Direcci\u00f3n: 08923 Sta Coloma de Gramanet, Espa\u00f1a<\/p><p><span style=\"text-align: var(--text-align); color: var( --e-global-color-secondary ); font-family: var( --e-global-typography-802bbe5-font-family ), Sans-serif; font-size: var( --e-global-typography-802bbe5-font-size ); font-style: var( --e-global-typography-802bbe5-font-style ); font-weight: var( --e-global-typography-802bbe5-font-weight );\">Tel\u00e9fono: 34676370128<\/span><\/p><p>E-mail: <a class=\"css-1rn59kg\" title=\"mailto:hola@miquel-navarro.com\" href=\"mailto:hola@miquel-navarro.com\" data-testid=\"link-with-safety\" data-renderer-mark=\"true\">hola@miquel-navarro.com<\/a><\/p><p><strong>\u00bfPara qu\u00e9 recogemos tus datos personales?<\/strong><\/p><p>En <strong>miquel-navarro.com<\/strong>\u00a0recogemos y tratamos la informaci\u00f3n que nos facilitas con el fin de responder a las cuestiones que nos planteas a trav\u00e9s de nuestros formularios de contacto y de comentarios, y para enviarte informaci\u00f3n que sea de tu inter\u00e9s a trav\u00e9s de nuestros canales de comunicaci\u00f3n.<\/p><p>Tendremos almacenada dicha informaci\u00f3n mientras no solicites que la eliminemos.<\/p><p><strong>\u00bfCu\u00e1les son las bases legales para el tratamiento de tus datos?<\/strong><\/p><p>Las bases legales para tratar tus datos son las siguientes:<\/p><p>Ejecuci\u00f3n del contrato de suscripci\u00f3n, para hacerte llegar informaci\u00f3n que sea de tu inter\u00e9s a trav\u00e9s de nuestros canales de comunicaci\u00f3n.<\/p><p>Obtenci\u00f3n de tu consentimiento, para responder a las cuestiones que nos planteas a trav\u00e9s de nuestros formularios de contacto y de comentarios.<\/p><p>Recuerda que no est\u00e1s obligado a darnos tu consentimiento para el tratamiento de tus datos, pero si no lo haces <strong>miquel-navarro.com<\/strong> no podr\u00e1 hacerte llegar informaci\u00f3n que sea de tu inter\u00e9s a trav\u00e9s de nuestros canales de comunicaci\u00f3n.<\/p><p><strong>\u00bfA qui\u00e9nes se podr\u00e1n comunicar tus datos personales?<\/strong><\/p><p>Para que podamos ofrecerte servicios de mayor calidad y cumplir con nuestras obligaciones fiscales, te comunicamos que los datos que t\u00fa nos facilites pueden ser cedidos a:<\/p><p><a href=\"https:\/\/www.siteground.es\/\">Siteground<\/a>\u00a0con domicilio fiscal en C\/Serrano 1, 5\u00ba, encargado de proporcionar el hosting y el dominio para esta web.<\/p><p><a href=\"https:\/\/google.com\/\">Google LLC<\/a>, encargado de la recogida de anal\u00edticas de esta web y sujeto al acuerdo\u00a0<a href=\"https:\/\/www.privacyshield.gov\/participant?id=a2zt000000001L5AAI&amp;status=Active\">EU-US Privacy Shield<\/a>.<\/p><p><strong>\u00bfQu\u00e9 derechos tienes sobre tus datos?<\/strong><\/p><p>Estos son los derechos que puedes ejercer sobre tus datos personales:<\/p><p>Derechos a solicitar el acceso a tus datos de car\u00e1cter personal.<\/p><p>Derecho a solicitar la rectificaci\u00f3n o supresi\u00f3n.<\/p><p>Derecho a solicitar la limitaci\u00f3n del tratamiento.<\/p><p>Derecho a oponerse al tratamiento.<\/p><p>Para ejercer tus derechos, anteriormente mencionados, puedes enviarnos un correo electr\u00f3nico a <a class=\"css-1rn59kg\" title=\"mailto:hola@miquel-navarro.com\" href=\"mailto:hola@miquel-navarro.com\" data-testid=\"link-with-safety\" data-renderer-mark=\"true\">hola@miquel-navarro.com<\/a>\u00a0indicando en el asunto \u201cPROTECCI\u00d3N DE DATOS\u201d incluyendo una fotocopia de tu DNI u otro documento de identificaci\u00f3n equivalente.<\/p><p><strong>\u00bfPuedo retirar el consentimiento?<\/strong><\/p><p>Tienes derecho a retirar el consentimiento para cualquier finalidad espec\u00edfica otorgada en su momento, sin que ello afecte a la licitud del tratamiento basado en el consentimiento previo a su retirada.<\/p><p><strong>\u00bfD\u00f3nde puedo reclamar si considero que mis datos no se tratan correctamente?<\/strong><\/p><p>Si consideras que tus datos no se est\u00e1n tratando correctamente puedes dirigir tus reclamaciones al correo <a class=\"css-1rn59kg\" title=\"mailto:hola@miquel-navarro.com\" href=\"mailto:hola@miquel-navarro.com\" data-testid=\"link-with-safety\" data-renderer-mark=\"true\">hola@miquel-navarro.com<\/a>\u00a0o a la Agencia Espa\u00f1ola de Protecci\u00f3n de Datos (<a href=\"http:\/\/www.agpd.es\/\">AEPD<\/a>).<\/p><p><strong>Seguridad y actualizaci\u00f3n de tus datos personales<\/strong><\/p><p>Para garantizar la seguridad de sus datos personales te informamos que en <strong>miquel-navarro.com<\/strong>\u00a0hemos adoptado todas las medidas t\u00e9cnicas y organizativas necesarias para garantizar la seguridad de tus datos personales. Con el fin de evitar su alteraci\u00f3n, p\u00e9rdida o accesos no autorizados, tal y como exige la ley, entendiendo que la seguridad absoluta no existe.<\/p><p>Con el objetivo de poder mantener tus datos personales actualizados, te rogamos que nos informes en caso de que se produzca alguna modificaci\u00f3n sobre los mismos.<\/p>\t\t\t\t\t\t\t\t<\/div>\n\t\t\t\t<\/div>\n\t\t\t\t<\/div>\n\t\t\t\t\t<\/div>\n\t\t\t\t<\/div>\n\t\t\t\t<\/div>","protected":false},"excerpt":{"rendered":"<p>Pol\u00edtica de privacidad En este documento te informamos de los motivos por los que recogemos tus datos personales, qu\u00e9 hacemos con dichos datos, qu\u00e9 derechos tienes y de qu\u00e9 forma puedes ejercerlos. Responsable de tus datos personales. Identidad: Miguel Navarro Ortega Direcci\u00f3n: 08923 Sta Coloma de Gramanet, Espa\u00f1a Tel\u00e9fono: 34676370128 E-mail: hola@miquel-navarro.com \u00bfPara qu\u00e9 recogemos [&hellip;]<\/p>","protected":false},"author":7,"featured_media":0,"parent":0,"menu_order":0,"comment_status":"closed","ping_status":"closed","template":"","meta":{"iawp_total_views":10,"footnotes":""},"class_list":["post-133","page","type-page","status-publish","hentry"],"yoast_head":"<!-- This site is optimized with the Yoast SEO plugin v26.6 - https:\/\/yoast.com\/wordpress\/plugins\/seo\/ -->\n<title>Pol\u00edtica de privadesa - Miquel Navarro Formaci\u00f3 i Creativitat<\/title>\n<meta name=\"robots\" content=\"index, follow, max-snippet:-1, max-image-preview:large, max-video-preview:-1\" \/>\n<link rel=\"canonical\" href=\"https:\/\/miquel-navarro.com\/es\/politica-de-privadesa\/\" \/>\n<meta property=\"og:locale\" content=\"es_ES\" \/>\n<meta property=\"og:type\" content=\"article\" \/>\n<meta property=\"og:title\" content=\"Pol\u00edtica de privadesa - Miquel Navarro Formaci\u00f3 i Creativitat\" \/>\n<meta property=\"og:description\" content=\"Pol\u00edtica de privacidad En este documento te informamos de los motivos por los que recogemos tus datos personales, qu\u00e9 hacemos con dichos datos, qu\u00e9 derechos tienes y de qu\u00e9 forma puedes ejercerlos. Responsable de tus datos personales. Identidad: Miguel Navarro Ortega Direcci\u00f3n: 08923 Sta Coloma de Gramanet, Espa\u00f1a Tel\u00e9fono: 34676370128 E-mail: hola@miquel-navarro.com \u00bfPara qu\u00e9 recogemos [&hellip;]\" \/>\n<meta property=\"og:url\" content=\"https:\/\/miquel-navarro.com\/es\/politica-de-privadesa\/\" \/>\n<meta property=\"og:site_name\" content=\"Miquel Navarro Formaci\u00f3 i Creativitat\" \/>\n<meta property=\"article:modified_time\" content=\"2025-08-19T18:05:52+00:00\" \/>\n<meta property=\"og:image\" content=\"https:\/\/miquel-navarro.com\/wp-content\/uploads\/2024\/09\/logo2.png\" \/>\n\t<meta property=\"og:image:width\" content=\"1080\" \/>\n\t<meta property=\"og:image:height\" content=\"399\" \/>\n\t<meta property=\"og:image:type\" content=\"image\/png\" \/>\n<meta name=\"twitter:card\" content=\"summary_large_image\" \/>\n<meta name=\"twitter:label1\" content=\"Tiempo de lectura\" \/>\n\t<meta name=\"twitter:data1\" content=\"3 minutos\" \/>\n<script type=\"application\/ld+json\" class=\"yoast-schema-graph\">{\"@context\":\"https:\/\/schema.org\",\"@graph\":[{\"@type\":\"WebPage\",\"@id\":\"https:\/\/miquel-navarro.com\/politica-de-privadesa\/\",\"url\":\"https:\/\/miquel-navarro.com\/politica-de-privadesa\/\",\"name\":\"Pol\u00edtica de privadesa - Miquel Navarro Formaci\u00f3 i Creativitat\",\"isPartOf\":{\"@id\":\"https:\/\/miquel-navarro.com\/#website\"},\"datePublished\":\"2024-09-12T14:45:19+00:00\",\"dateModified\":\"2025-08-19T18:05:52+00:00\",\"breadcrumb\":{\"@id\":\"https:\/\/miquel-navarro.com\/politica-de-privadesa\/#breadcrumb\"},\"inLanguage\":\"es\",\"potentialAction\":[{\"@type\":\"ReadAction\",\"target\":[\"https:\/\/miquel-navarro.com\/politica-de-privadesa\/\"]}]},{\"@type\":\"BreadcrumbList\",\"@id\":\"https:\/\/miquel-navarro.com\/politica-de-privadesa\/#breadcrumb\",\"itemListElement\":[{\"@type\":\"ListItem\",\"position\":1,\"name\":\"Portada\",\"item\":\"https:\/\/miquel-navarro.com\/\"},{\"@type\":\"ListItem\",\"position\":2,\"name\":\"Pol\u00edtica de privadesa\"}]},{\"@type\":\"WebSite\",\"@id\":\"https:\/\/miquel-navarro.com\/#website\",\"url\":\"https:\/\/miquel-navarro.com\/\",\"name\":\"Miquel Navarro Formaci\u00f3 i Creativitat\",\"description\":\"Impulsa tu Creatividad y Formaci\u00f3n\",\"publisher\":{\"@id\":\"https:\/\/miquel-navarro.com\/#organization\"},\"alternateName\":\"Miquel Navarro\",\"potentialAction\":[{\"@type\":\"SearchAction\",\"target\":{\"@type\":\"EntryPoint\",\"urlTemplate\":\"https:\/\/miquel-navarro.com\/?s={search_term_string}\"},\"query-input\":{\"@type\":\"PropertyValueSpecification\",\"valueRequired\":true,\"valueName\":\"search_term_string\"}}],\"inLanguage\":\"es\"},{\"@type\":\"Organization\",\"@id\":\"https:\/\/miquel-navarro.com\/#organization\",\"name\":\"Miquel Navarro Formaci\u00f3 i Creativitat\",\"alternateName\":\"Miquel Navarro\",\"url\":\"https:\/\/miquel-navarro.com\/\",\"logo\":{\"@type\":\"ImageObject\",\"inLanguage\":\"es\",\"@id\":\"https:\/\/miquel-navarro.com\/#\/schema\/logo\/image\/\",\"url\":\"https:\/\/miquel-navarro.com\/wp-content\/uploads\/2024\/09\/cropped-logo.png\",\"contentUrl\":\"https:\/\/miquel-navarro.com\/wp-content\/uploads\/2024\/09\/cropped-logo.png\",\"width\":512,\"height\":512,\"caption\":\"Miquel Navarro Formaci\u00f3 i Creativitat\"},\"image\":{\"@id\":\"https:\/\/miquel-navarro.com\/#\/schema\/logo\/image\/\"},\"sameAs\":[\"https:\/\/www.instagram.com\/miquelnavarrocreativitat?igsh=b3VtamNrcHAybGox\",\"https:\/\/www.linkedin.com\/in\/miquelnavarroformaci\u00f3icreativitat\/\"]}]}<\/script>\n<!-- \/ Yoast SEO plugin. -->","yoast_head_json":{"title":"Pol\u00edtica de privadesa - Miquel Navarro Formaci\u00f3 i Creativitat","robots":{"index":"index","follow":"follow","max-snippet":"max-snippet:-1","max-image-preview":"max-image-preview:large","max-video-preview":"max-video-preview:-1"},"canonical":"https:\/\/miquel-navarro.com\/es\/politica-de-privadesa\/","og_locale":"es_ES","og_type":"article","og_title":"Pol\u00edtica de privadesa - Miquel Navarro Formaci\u00f3 i Creativitat","og_description":"Pol\u00edtica de privacidad En este documento te informamos de los motivos por los que recogemos tus datos personales, qu\u00e9 hacemos con dichos datos, qu\u00e9 derechos tienes y de qu\u00e9 forma puedes ejercerlos. Responsable de tus datos personales. Identidad: Miguel Navarro Ortega Direcci\u00f3n: 08923 Sta Coloma de Gramanet, Espa\u00f1a Tel\u00e9fono: 34676370128 E-mail: hola@miquel-navarro.com \u00bfPara qu\u00e9 recogemos [&hellip;]","og_url":"https:\/\/miquel-navarro.com\/es\/politica-de-privadesa\/","og_site_name":"Miquel Navarro Formaci\u00f3 i Creativitat","article_modified_time":"2025-08-19T18:05:52+00:00","og_image":[{"width":1080,"height":399,"url":"https:\/\/miquel-navarro.com\/wp-content\/uploads\/2024\/09\/logo2.png","type":"image\/png"}],"twitter_card":"summary_large_image","twitter_misc":{"Tiempo de lectura":"3 minutos"},"schema":{"@context":"https:\/\/schema.org","@graph":[{"@type":"WebPage","@id":"https:\/\/miquel-navarro.com\/politica-de-privadesa\/","url":"https:\/\/miquel-navarro.com\/politica-de-privadesa\/","name":"Pol\u00edtica de privadesa - Miquel Navarro Formaci\u00f3 i Creativitat","isPartOf":{"@id":"https:\/\/miquel-navarro.com\/#website"},"datePublished":"2024-09-12T14:45:19+00:00","dateModified":"2025-08-19T18:05:52+00:00","breadcrumb":{"@id":"https:\/\/miquel-navarro.com\/politica-de-privadesa\/#breadcrumb"},"inLanguage":"es","potentialAction":[{"@type":"ReadAction","target":["https:\/\/miquel-navarro.com\/politica-de-privadesa\/"]}]},{"@type":"BreadcrumbList","@id":"https:\/\/miquel-navarro.com\/politica-de-privadesa\/#breadcrumb","itemListElement":[{"@type":"ListItem","position":1,"name":"Portada","item":"https:\/\/miquel-navarro.com\/"},{"@type":"ListItem","position":2,"name":"Pol\u00edtica de privadesa"}]},{"@type":"WebSite","@id":"https:\/\/miquel-navarro.com\/#website","url":"https:\/\/miquel-navarro.com\/","name":"Miquel Navarro de la Formaci\u00f3n y la Creatividad","description":"Impulsa tu Creatividad y Formaci\u00f3n","publisher":{"@id":"https:\/\/miquel-navarro.com\/#organization"},"alternateName":"Miquel Navarro","potentialAction":[{"@type":"SearchAction","target":{"@type":"EntryPoint","urlTemplate":"https:\/\/miquel-navarro.com\/?s={search_term_string}"},"query-input":{"@type":"PropertyValueSpecification","valueRequired":true,"valueName":"search_term_string"}}],"inLanguage":"es"},{"@type":"Organization","@id":"https:\/\/miquel-navarro.com\/#organization","name":"Miquel Navarro de la Formaci\u00f3n y la Creatividad","alternateName":"Miquel Navarro","url":"https:\/\/miquel-navarro.com\/","logo":{"@type":"ImageObject","inLanguage":"es","@id":"https:\/\/miquel-navarro.com\/#\/schema\/logo\/image\/","url":"https:\/\/miquel-navarro.com\/wp-content\/uploads\/2024\/09\/cropped-logo.png","contentUrl":"https:\/\/miquel-navarro.com\/wp-content\/uploads\/2024\/09\/cropped-logo.png","width":512,"height":512,"caption":"Miquel Navarro Formaci\u00f3 i Creativitat"},"image":{"@id":"https:\/\/miquel-navarro.com\/#\/schema\/logo\/image\/"},"sameAs":["https:\/\/www.instagram.com\/miquelnavarrocreativitat?igsh=b3VtamNrcHAybGox","https:\/\/www.linkedin.com\/in\/miquelnavarroformaci\u00f3icreativitat\/"]}]}},"_links":{"self":[{"href":"https:\/\/miquel-navarro.com\/es\/wp-json\/wp\/v2\/pages\/133","targetHints":{"allow":["GET"]}}],"collection":[{"href":"https:\/\/miquel-navarro.com\/es\/wp-json\/wp\/v2\/pages"}],"about":[{"href":"https:\/\/miquel-navarro.com\/es\/wp-json\/wp\/v2\/types\/page"}],"author":[{"embeddable":true,"href":"https:\/\/miquel-navarro.com\/es\/wp-json\/wp\/v2\/users\/7"}],"replies":[{"embeddable":true,"href":"https:\/\/miquel-navarro.com\/es\/wp-json\/wp\/v2\/comments?post=133"}],"version-history":[{"count":17,"href":"https:\/\/miquel-navarro.com\/es\/wp-json\/wp\/v2\/pages\/133\/revisions"}],"predecessor-version":[{"id":921,"href":"https:\/\/miquel-navarro.com\/es\/wp-json\/wp\/v2\/pages\/133\/revisions\/921"}],"wp:attachment":[{"href":"https:\/\/miquel-navarro.com\/es\/wp-json\/wp\/v2\/media?parent=133"}],"curies":[{"name":"wp","href":"https:\/\/api.w.org\/{rel}","templated":true}]}}